{"id":7706,"date":"2026-03-16T16:11:34","date_gmt":"2026-03-16T19:11:34","guid":{"rendered":"https:\/\/biomedical-data.com\/?page_id=7706"},"modified":"2026-03-16T21:59:50","modified_gmt":"2026-03-17T00:59:50","slug":"congresses","status":"publish","type":"page","link":"https:\/\/biomedical-data.com\/es\/congresses\/","title":{"rendered":"Congresos"},"content":{"rendered":"<div class=\"wp-block-uagb-container uagb-block-e51db412 alignfull uagb-is-root-container\">\n<div data-aos= \"fade-left\" data-aos-duration=\"400\" data-aos-delay=\"0\" data-aos-easing=\"ease\" data-aos-once=\"true\" class=\"wp-block-uagb-advanced-heading uagb-block-2043b47d\"><h1 class=\"uagb-heading-text\">Congresos<\/h1><\/div>\n<\/div>\n\n\n\n<div class=\"wp-block-uagb-container uagb-block-8uunxgo4 alignfull uagb-is-root-container\"><div class=\"uagb-container-inner-blocks-wrap\">\n<div class=\"wp-block-uagb-info-box uagb-block-cin9uqu3 uagb-infobox__content-wrap  uagb-infobox-icon-above-title uagb-infobox-image-valign-top\"><div class=\"uagb-ifb-content\"><div class=\"uagb-ifb-title-wrap\"><h2 class=\"uagb-ifb-title\">Descubr\u00ed Nuestros Pr\u00f3ximos Congresos<\/h2><\/div><p class=\"uagb-ifb-desc\">Una visi\u00f3n integral de nuestras apariciones programadas y contribuciones cient\u00edficas en cumbres m\u00e9dicas globales este a\u00f1o.<\/p><\/div><\/div>\n\n\n\n<div class=\"wp-block-uagb-container uagb-block-m32fhrco\">\n<div data-aos= \"slide-left\" data-aos-duration=\"400\" data-aos-delay=\"0\" data-aos-easing=\"ease\" data-aos-once=\"true\" class=\"wp-block-uagb-container uagb-block-v9htmwgf\">\n<div class=\"wp-block-uagb-image alignleft uagb-block-5kids3bo wp-block-uagb-image--layout-default wp-block-uagb-image--effect-static wp-block-uagb-image--align-left\"><figure class=\"wp-block-uagb-image__figure\"><img decoding=\"async\" srcset=\"https:\/\/biomedical-data.com\/wp-content\/uploads\/2026\/03\/986463413.png ,https:\/\/biomedical-data.com\/wp-content\/uploads\/2026\/03\/986463413.png 780w, https:\/\/biomedical-data.com\/wp-content\/uploads\/2026\/03\/986463413.png 360w\" sizes=\"auto, (max-width: 480px) 150px\" src=\"https:\/\/biomedical-data.com\/wp-content\/uploads\/2026\/03\/986463413.png\" alt=\"\" class=\"uag-image-7726\" width=\"600\" height=\"450\" title=\"Targeting Longevity\" loading=\"lazy\" role=\"img\"\/><\/figure><\/div>\n\n\n\n<div class=\"wp-block-uagb-container uagb-block-cfjz3kax\">\n<div class=\"wp-block-uagb-info-box uagb-block-d7eo8xmf uagb-infobox__content-wrap  uagb-infobox-icon-above-title uagb-infobox-image-valign-top\"><div class=\"uagb-ifb-content\"><div class=\"uagb-ifb-title-wrap\"><p class=\"uagb-ifb-title-prefix\">ABRIL 8-9, 2026<\/p><h3 class=\"uagb-ifb-title\">Targeting Longevity<\/h3><\/div><p class=\"uagb-ifb-desc\">Demostraremos que ciertos perfiles bacterianos podr\u00edan frenar la cascada inflamatoria y el envejecimiento celular, ofreciendo nuevas estrategias para prolongar la salud en pacientes con obesidad.<\/p><\/div><\/div>\n\n\n\n<div class=\"wp-block-uagb-buttons uagb-buttons__outer-wrap uagb-btn__default-btn uagb-btn-tablet__default-btn uagb-btn-mobile__default-btn uagb-block-ntrzl3du\"><div class=\"uagb-buttons__wrap uagb-buttons-layout-wrap\">\n<div class=\"wp-block-uagb-buttons-child uagb-buttons__outer-wrap uagb-block-a2pmhyuk wp-block-button\"><div class=\"uagb-button__wrapper\"><a class=\"uagb-buttons-repeater wp-block-button__link\" aria-label=\"\" href=\"https:\/\/targeting-longevity.com\/\" rel=\"follow noopener\" target=\"_blank\" role=\"button\"><div class=\"uagb-button__link\">Leer m\u00e1s...<\/div><span class=\"uagb-button__icon uagb-button__icon-position-after\"><svg xmlns=\"https:\/\/www.w3.org\/2000\/svg\" viewbox=\"0 0 320 512\" aria-hidden=\"true\" focussable=\"false\"><path d=\"M96 480c-8.188 0-16.38-3.125-22.62-9.375c-12.5-12.5-12.5-32.75 0-45.25L242.8 256L73.38 86.63c-12.5-12.5-12.5-32.75 0-45.25s32.75-12.5 45.25 0l192 192c12.5 12.5 12.5 32.75 0 45.25l-192 192C112.4 476.9 104.2 480 96 480z\"><\/path><\/svg><\/span><\/a><\/div><\/div>\n<\/div><\/div>\n<\/div>\n<\/div>\n\n\n\n<div data-aos= \"slide-right\" data-aos-duration=\"400\" data-aos-delay=\"0\" data-aos-easing=\"ease\" data-aos-once=\"true\" class=\"wp-block-uagb-container uagb-block-poraejfv\">\n<div class=\"wp-block-uagb-container uagb-block-minly1we\">\n<div class=\"wp-block-uagb-info-box uagb-block-xm0tqzuu uagb-infobox__content-wrap  uagb-infobox-icon-above-title uagb-infobox-image-valign-top\"><div class=\"uagb-ifb-content\"><div class=\"uagb-ifb-title-wrap\"><p class=\"uagb-ifb-title-prefix\">Agosto 12-14, 2026<\/p><h3 class=\"uagb-ifb-title\">20\u00b0 Congreso Internacional de Medicina Interna<\/h3><\/div><p class=\"uagb-ifb-desc\">Comunicaremos hallazgos donde la restauraci\u00f3n de la microbiota intestinal act\u00faa como un interruptor biol\u00f3gico, revirtiendo el envejecimiento prematuro asociado a trastornos metab\u00f3licos cr\u00f3nicos.<\/p><\/div><\/div>\n\n\n\n<div class=\"wp-block-uagb-buttons uagb-buttons__outer-wrap uagb-btn__default-btn uagb-btn-tablet__default-btn uagb-btn-mobile__default-btn uagb-block-cff66cc4\"><div class=\"uagb-buttons__wrap uagb-buttons-layout-wrap\">\n<div class=\"wp-block-uagb-buttons-child uagb-buttons__outer-wrap uagb-block-e017551e wp-block-button\"><div class=\"uagb-button__wrapper\"><a class=\"uagb-buttons-repeater wp-block-button__link\" aria-label=\"\" href=\"https:\/\/congresoclinicas.com.ar\/autoridades\/\" rel=\"follow noopener\" target=\"_blank\" role=\"button\"><div class=\"uagb-button__link\">Leer m\u00e1s...<\/div><span class=\"uagb-button__icon uagb-button__icon-position-after\"><svg xmlns=\"https:\/\/www.w3.org\/2000\/svg\" viewbox=\"0 0 320 512\" aria-hidden=\"true\" focussable=\"false\"><path d=\"M96 480c-8.188 0-16.38-3.125-22.62-9.375c-12.5-12.5-12.5-32.75 0-45.25L242.8 256L73.38 86.63c-12.5-12.5-12.5-32.75 0-45.25s32.75-12.5 45.25 0l192 192c12.5 12.5 12.5 32.75 0 45.25l-192 192C112.4 476.9 104.2 480 96 480z\"><\/path><\/svg><\/span><\/a><\/div><\/div>\n<\/div><\/div>\n<\/div>\n\n\n\n<div class=\"wp-block-uagb-image alignleft uagb-block-0yoed5eu wp-block-uagb-image--layout-default wp-block-uagb-image--effect-static wp-block-uagb-image--align-left\"><figure class=\"wp-block-uagb-image__figure\"><img decoding=\"async\" srcset=\"https:\/\/biomedical-data.com\/wp-content\/uploads\/2026\/03\/Diseno-sin-titulo_upscayl_2x_upscayl-standard-4x.png 1200w, https:\/\/biomedical-data.com\/wp-content\/uploads\/2026\/03\/Diseno-sin-titulo_upscayl_2x_upscayl-standard-4x-300x225.png 300w, https:\/\/biomedical-data.com\/wp-content\/uploads\/2026\/03\/Diseno-sin-titulo_upscayl_2x_upscayl-standard-4x-1024x768.png 1024w, https:\/\/biomedical-data.com\/wp-content\/uploads\/2026\/03\/Diseno-sin-titulo_upscayl_2x_upscayl-standard-4x-768x576.png 768w, https:\/\/biomedical-data.com\/wp-content\/uploads\/2026\/03\/Diseno-sin-titulo_upscayl_2x_upscayl-standard-4x-16x12.png 16w, https:\/\/biomedical-data.com\/wp-content\/uploads\/2026\/03\/Diseno-sin-titulo_upscayl_2x_upscayl-standard-4x-600x450.png 600w\" sizes=\"auto, (max-width: 480px) 150px\" src=\"https:\/\/biomedical-data.com\/wp-content\/uploads\/2026\/03\/Diseno-sin-titulo_upscayl_2x_upscayl-standard-4x.png\" alt=\"\" class=\"uag-image-7723\" width=\"600\" height=\"450\" title=\"20\u00b0 Congreso Internacional de Medicina Interna\" loading=\"lazy\" role=\"img\"\/><\/figure><\/div>\n<\/div>\n\n\n\n<div data-aos= \"slide-left\" data-aos-duration=\"400\" data-aos-delay=\"0\" data-aos-easing=\"ease\" data-aos-once=\"true\" class=\"wp-block-uagb-container uagb-block-fsb5bg4r\">\n<div class=\"wp-block-uagb-image alignleft uagb-block-pa7inue6 wp-block-uagb-image--layout-default wp-block-uagb-image--effect-static wp-block-uagb-image--align-left\"><figure class=\"wp-block-uagb-image__figure\"><img decoding=\"async\" srcset=\"https:\/\/biomedical-data.com\/wp-content\/uploads\/2026\/03\/9864631_upscayl_2x_upscayl-standard-4x.png 1200w, https:\/\/biomedical-data.com\/wp-content\/uploads\/2026\/03\/9864631_upscayl_2x_upscayl-standard-4x-300x225.png 300w, https:\/\/biomedical-data.com\/wp-content\/uploads\/2026\/03\/9864631_upscayl_2x_upscayl-standard-4x-1024x768.png 1024w, https:\/\/biomedical-data.com\/wp-content\/uploads\/2026\/03\/9864631_upscayl_2x_upscayl-standard-4x-768x576.png 768w, https:\/\/biomedical-data.com\/wp-content\/uploads\/2026\/03\/9864631_upscayl_2x_upscayl-standard-4x-16x12.png 16w, https:\/\/biomedical-data.com\/wp-content\/uploads\/2026\/03\/9864631_upscayl_2x_upscayl-standard-4x-600x450.png 600w\" sizes=\"auto, (max-width: 480px) 150px\" src=\"https:\/\/biomedical-data.com\/wp-content\/uploads\/2026\/03\/9864631_upscayl_2x_upscayl-standard-4x.png\" alt=\"\" class=\"uag-image-7724\" width=\"600\" height=\"450\" title=\"XXV Congreso Argentino de Diabetes\" loading=\"lazy\" role=\"img\"\/><\/figure><\/div>\n\n\n\n<div class=\"wp-block-uagb-container uagb-block-dki8t9tz\">\n<div class=\"wp-block-uagb-info-box uagb-block-fsrgxiep uagb-infobox__content-wrap  uagb-infobox-icon-above-title uagb-infobox-image-valign-top\"><div class=\"uagb-ifb-content\"><div class=\"uagb-ifb-title-wrap\"><p class=\"uagb-ifb-title-prefix\">Octubre 29-31, 2026<\/p><h3 class=\"uagb-ifb-title\"><strong>XXV Congreso Argentino de Diabetes<\/strong><\/h3><\/div><p class=\"uagb-ifb-desc\">Expondremos c\u00f3mo la diversidad bacteriana protege la integridad del ADN y mitiga el estr\u00e9s oxidativo celular en individuos con prediabetes.<\/p><\/div><\/div>\n\n\n\n<div class=\"wp-block-uagb-buttons uagb-buttons__outer-wrap uagb-btn__default-btn uagb-btn-tablet__default-btn uagb-btn-mobile__default-btn uagb-block-c2938a40\"><div class=\"uagb-buttons__wrap uagb-buttons-layout-wrap\">\n<div class=\"wp-block-uagb-buttons-child uagb-buttons__outer-wrap uagb-block-b9e7def1 wp-block-button\"><div class=\"uagb-button__wrapper\"><a class=\"uagb-buttons-repeater wp-block-button__link\" aria-label=\"\" href=\"https:\/\/diabetes.org.ar\/congresos\/\" rel=\"follow noopener\" target=\"_blank\" role=\"button\"><div class=\"uagb-button__link\">Leer m\u00e1s...<\/div><span class=\"uagb-button__icon uagb-button__icon-position-after\"><svg xmlns=\"https:\/\/www.w3.org\/2000\/svg\" viewbox=\"0 0 320 512\" aria-hidden=\"true\" focussable=\"false\"><path d=\"M96 480c-8.188 0-16.38-3.125-22.62-9.375c-12.5-12.5-12.5-32.75 0-45.25L242.8 256L73.38 86.63c-12.5-12.5-12.5-32.75 0-45.25s32.75-12.5 45.25 0l192 192c12.5 12.5 12.5 32.75 0 45.25l-192 192C112.4 476.9 104.2 480 96 480z\"><\/path><\/svg><\/span><\/a><\/div><\/div>\n<\/div><\/div>\n<\/div>\n<\/div>\n<\/div>\n<\/div><\/div>\n\n\n\n<p><\/p>\n\n\n\n<div data-aos= \"fade-up\" data-aos-duration=\"400\" data-aos-delay=\"0\" data-aos-easing=\"ease\" data-aos-once=\"true\" class=\"wp-block-uagb-container uagb-block-7kos5oik alignfull uagb-is-root-container\"><div class=\"uagb-container-inner-blocks-wrap\">\n<div class=\"wp-block-uagb-info-box uagb-block-bs0chpm5 uagb-infobox__content-wrap  uagb-infobox-icon-above-title uagb-infobox-image-valign-top\"><div class=\"uagb-ifb-content\"><div class=\"uagb-ifb-title-wrap\"><p class=\"uagb-ifb-title-prefix\">Pas\u00e1 a la acci\u00f3n ahora<\/p><h2 class=\"uagb-ifb-title\">\u00bfQuer\u00e9s ser nuestro Partner?<\/h2><\/div><\/div><\/div>\n\n\n\n<div class=\"wp-block-uagb-buttons uagb-buttons__outer-wrap uagb-btn__default-btn uagb-btn-tablet__default-btn uagb-btn-mobile__default-btn uagb-block-413088b0\"><div class=\"uagb-buttons__wrap uagb-buttons-layout-wrap\">\n<div class=\"wp-block-uagb-buttons-child uagb-buttons__outer-wrap uagb-block-563f68f7 wp-block-button\"><div class=\"uagb-button__wrapper\"><a class=\"uagb-buttons-repeater wp-block-button__link\" aria-label=\"\" href=\"https:\/\/biomedical-data.com\/es\/partners\/\" rel=\"follow noopener\" target=\"_blank\" role=\"button\"><div class=\"uagb-button__link\">\u00a1Cont\u00e1ctanos!<\/div><span class=\"uagb-button__icon uagb-button__icon-position-after\"><svg xmlns=\"https:\/\/www.w3.org\/2000\/svg\" viewbox=\"0 0 320 512\" aria-hidden=\"true\" focussable=\"false\"><path d=\"M96 480c-8.188 0-16.38-3.125-22.62-9.375c-12.5-12.5-12.5-32.75 0-45.25L242.8 256L73.38 86.63c-12.5-12.5-12.5-32.75 0-45.25s32.75-12.5 45.25 0l192 192c12.5 12.5 12.5 32.75 0 45.25l-192 192C112.4 476.9 104.2 480 96 480z\"><\/path><\/svg><\/span><\/a><\/div><\/div>\n<\/div><\/div>\n<\/div><\/div>\n\n\n\n<p><\/p>","protected":false},"excerpt":{"rendered":"<p>Congresos<\/p>","protected":false},"author":1,"featured_media":0,"parent":0,"menu_order":0,"comment_status":"closed","ping_status":"closed","template":"","meta":{"_uag_custom_page_level_css":"","_monsterinsights_skip_tracking":false,"_monsterinsights_sitenote_active":false,"_monsterinsights_sitenote_note":"","_monsterinsights_sitenote_category":0,"site-sidebar-layout":"no-sidebar","site-content-layout":"page-builder","ast-site-content-layout":"full-width-container","site-content-style":"unboxed","site-sidebar-style":"default","ast-global-header-display":"","ast-banner-title-visibility":"","ast-main-header-display":"","ast-hfb-above-header-display":"","ast-hfb-below-header-display":"","ast-hfb-mobile-header-display":"","site-post-title":"disabled","ast-breadcrumbs-content":"","ast-featured-img":"disabled","footer-sml-layout":"","ast-disable-related-posts":"","theme-transparent-header-meta":"enabled","adv-header-id-meta":"","stick-header-meta":"","header-above-stick-meta":"","header-main-stick-meta":"","header-below-stick-meta":"","astra-migrate-meta-layouts":"set","ast-page-background-enabled":"default","ast-page-background-meta":{"desktop":{"background-color":"var(--ast-global-color-4)","background-image":"","background-repeat":"repeat","background-position":"center center","background-size":"auto","background-attachment":"scroll","background-type":"","background-media":"","overlay-type":"","overlay-color":"","overlay-opacity":"","overlay-gradient":""},"tablet":{"background-color":"","background-image":"","background-repeat":"repeat","background-position":"center center","background-size":"auto","background-attachment":"scroll","background-type":"","background-media":"","overlay-type":"","overlay-color":"","overlay-opacity":"","overlay-gradient":""},"mobile":{"background-color":"","background-image":"","background-repeat":"repeat","background-position":"center center","background-size":"auto","background-attachment":"scroll","background-type":"","background-media":"","overlay-type":"","overlay-color":"","overlay-opacity":"","overlay-gradient":""}},"ast-content-background-meta":{"desktop":{"background-color":"var(--ast-global-color-5)","background-image":"","background-repeat":"repeat","background-position":"center center","background-size":"auto","background-attachment":"scroll","background-type":"","background-media":"","overlay-type":"","overlay-color":"","overlay-opacity":"","overlay-gradient":""},"tablet":{"background-color":"var(--ast-global-color-5)","background-image":"","background-repeat":"repeat","background-position":"center center","background-size":"auto","background-attachment":"scroll","background-type":"","background-media":"","overlay-type":"","overlay-color":"","overlay-opacity":"","overlay-gradient":""},"mobile":{"background-color":"var(--ast-global-color-5)","background-image":"","background-repeat":"repeat","background-position":"center center","background-size":"auto","background-attachment":"scroll","background-type":"","background-media":"","overlay-type":"","overlay-color":"","overlay-opacity":"","overlay-gradient":""}},"footnotes":""},"class_list":["post-7706","page","type-page","status-publish","hentry"],"uagb_featured_image_src":{"full":false,"thumbnail":false,"medium":false,"medium_large":false,"large":false,"1536x1536":false,"2048x2048":false,"trp-custom-language-flag":false,"woocommerce_thumbnail":false,"woocommerce_single":false,"woocommerce_gallery_thumbnail":false},"uagb_author_info":{"display_name":"emiroffo@gmail.com","author_link":"https:\/\/biomedical-data.com\/es\/author\/emiroffogmail-com\/"},"uagb_comment_info":0,"uagb_excerpt":"Congresses","_links":{"self":[{"href":"https:\/\/biomedical-data.com\/es\/wp-json\/wp\/v2\/pages\/7706","targetHints":{"allow":["GET"]}}],"collection":[{"href":"https:\/\/biomedical-data.com\/es\/wp-json\/wp\/v2\/pages"}],"about":[{"href":"https:\/\/biomedical-data.com\/es\/wp-json\/wp\/v2\/types\/page"}],"author":[{"embeddable":true,"href":"https:\/\/biomedical-data.com\/es\/wp-json\/wp\/v2\/users\/1"}],"replies":[{"embeddable":true,"href":"https:\/\/biomedical-data.com\/es\/wp-json\/wp\/v2\/comments?post=7706"}],"version-history":[{"count":1,"href":"https:\/\/biomedical-data.com\/es\/wp-json\/wp\/v2\/pages\/7706\/revisions"}],"predecessor-version":[{"id":7752,"href":"https:\/\/biomedical-data.com\/es\/wp-json\/wp\/v2\/pages\/7706\/revisions\/7752"}],"wp:attachment":[{"href":"https:\/\/biomedical-data.com\/es\/wp-json\/wp\/v2\/media?parent=7706"}],"curies":[{"name":"wp","href":"https:\/\/api.w.org\/{rel}","templated":true}]}}