{"id":7093,"date":"2026-02-21T09:29:09","date_gmt":"2026-02-21T12:29:09","guid":{"rendered":"https:\/\/biomedical-data.com\/?page_id=7093"},"modified":"2026-03-02T21:29:27","modified_gmt":"2026-03-03T00:29:27","slug":"what-is-the-importance-of-descriptive-and-exploratory-statistics","status":"publish","type":"page","link":"https:\/\/biomedical-data.com\/es\/what-is-the-importance-of-descriptive-and-exploratory-statistics\/","title":{"rendered":"\u00bfCu\u00e1l es la importancia de la estad\u00edstica descriptiva y exploratoria?"},"content":{"rendered":"<div class=\"wp-block-uagb-container uagb-block-2d3917aa alignfull uagb-is-root-container\"><div class=\"uagb-container-inner-blocks-wrap\">\n<div class=\"wp-block-uagb-advanced-heading uagb-block-50db6fa2\"><h2 class=\"uagb-heading-text\">\u00bfCu\u00e1l es la importancia de la estad\u00edstica descriptiva y exploratoria?<\/h2><\/div>\n\n\n\n<div class=\"wp-block-uagb-separator uagb-block-a028a51e\"><div class=\"wp-block-uagb-separator__inner\" style=\"--my-background-image:\"><\/div><\/div>\n\n\n\n<div class=\"wp-block-uagb-advanced-heading uagb-block-e13e9af2\"><h2 class=\"uagb-heading-text\">\u00bfPor qu\u00e9 la estad\u00edstica descriptiva y exploratoria es clave al analizar sus datos?<\/h2><\/div>\n\n\n\n<p style=\"font-size:14px\">Cuando iniciamos un proyecto de investigaci\u00f3n con n\u00fameros, la estad\u00edstica descriptiva y exploratoria es el primer paso importante. Nos ayuda a comprender nuestros datos con claridad, como si los vi\u00e9ramos por primera vez. Esta es la etapa donde resumimos, organizamos y presentamos los datos para poder interpretarlos bien e identificar patrones interesantes antes de realizar an\u00e1lisis m\u00e1s complicados. Si nos saltamos este paso, podr\u00edamos cometer errores m\u00e1s adelante o perder informaci\u00f3n valiosa.<\/p>\n\n\n\n<p style=\"font-size:14px\">La estad\u00edstica descriptiva tiene como objetivo mostrar nuestros datos de una manera sencilla. En lugar de mirar muchas cifras por separado, utilizamos medidas y gr\u00e1ficos que nos dan una idea general de lo que tenemos. De esta manera, podemos ver c\u00f3mo se comporta cada cosa que medimos (nuestras variables), c\u00f3mo se distribuyen los valores, cu\u00e1les son los valores m\u00e1s comunes y qu\u00e9 tan diferentes son entre s\u00ed.<\/p>\n\n\n\n<div class=\"wp-block-uagb-advanced-heading uagb-block-291178ab\"><h2 class=\"uagb-heading-text\">\u00bfQu\u00e9 herramienta se utiliza para variables discretas?<\/h2><\/div>\n\n\n\n<p style=\"font-size:14px\">Una herramienta com\u00fan para la s\u00edntesis de datos es la construcci\u00f3n de tablas. Para las variables discretas (aquellas que toman valores enumerables), las tablas de frecuencias absolutas y relativas son herramientas esenciales. La frecuencia absoluta denota la aparici\u00f3n de cada valor, mientras que la frecuencia relativa expresa la proporci\u00f3n de cada valor en relaci\u00f3n con el conjunto total de datos. Una tabla completa puede incluir frecuencias acumuladas (la suma secuencial de las frecuencias) y porcentajes relativos y acumulados, lo que facilita la interpretaci\u00f3n de la funci\u00f3n de distribuci\u00f3n emp\u00edrica de la variable.<\/p>\n\n\n\n<div class=\"wp-block-uagb-advanced-heading uagb-block-ec912085\"><h2 class=\"uagb-heading-text\">\u00bfC\u00f3mo elegir el gr\u00e1fico adecuado para sus variables?<\/h2><\/div>\n\n\n\n<p style=\"font-size:14px\">Adem\u00e1s de las tablas, la visualizaci\u00f3n de datos a trav\u00e9s de gr\u00e1ficos juega un papel crucial en la estad\u00edstica descriptiva y exploratoria. La elecci\u00f3n del gr\u00e1fico adecuado depende fundamentalmente de la escala de medici\u00f3n de la variable. No es lo mismo representar una variable discreta (por ejemplo, mediante un diagrama de barras que muestre la frecuencia de cada categor\u00eda) que una variable continua (donde un histograma o un diagrama de caja revela su distribuci\u00f3n y posibles valores at\u00edpicos). La elecci\u00f3n correcta del gr\u00e1fico nos permite identificar patrones visualmente, detectar posibles errores en los datos y obtener una comprensi\u00f3n intuitiva de la distribuci\u00f3n y las caracter\u00edsticas de nuestras variables antes de aplicar an\u00e1lisis estad\u00edsticos m\u00e1s avanzados.<\/p>\n\n\n\n<p style=\"font-size:14px\">En resumen, la estad\u00edstica descriptiva y exploratoria, con su \u00e9nfasis en la creaci\u00f3n de tablas informativas y la selecci\u00f3n de gr\u00e1ficos adecuados seg\u00fan la naturaleza de los datos, constituye una etapa esencial en cualquier investigaci\u00f3n. Nos proporciona las herramientas necesarias para comprender a fondo nuestros datos, identificar sus peculiaridades y sentar las bases para an\u00e1lisis posteriores que nos permitir\u00e1n responder a nuestras preguntas de investigaci\u00f3n de manera rigurosa y bien fundamentada.<\/p>\n\n\n\n<div class=\"wp-block-uagb-advanced-heading uagb-block-550d68db\"><h2 class=\"uagb-heading-text\">\u00bfD\u00f3nde encontrar soporte profesional para el an\u00e1lisis de datos descriptivo y exploratorio?<\/h2><\/div>\n\n\n\n<p style=\"font-size:14px\" class=\"translation-block\">Para quienes buscan un an\u00e1lisis exhaustivo y una presentaci\u00f3n clara de sus datos, Biomedical-Data ofrece un servicio especializado en estad\u00edstica descriptiva y exploratoria. Su equipo de expertos puede asistir en la s\u00edntesis de datos mediante tablas informativas, seleccionando las visualizaciones m\u00e1s adecuadas seg\u00fan la escala de medici\u00f3n y la naturaleza de las variables, y facilitando la identificaci\u00f3n de distribuciones, tendencias centrales y variabilidad. La empresa destaca por su profesionalismo, atenci\u00f3n personalizada y tarifas altamente competitivas, lo que la convierte en un socio estrat\u00e9gico para investigadores, estudiantes y empresas que buscan optimizar sus recursos y garantizar la validez estad\u00edstica de sus proyectos.<\/p>\n\n\n\n<p style=\"font-size:14px\"><strong><a href=\"https:\/\/biomedical-data.com\/es\/contact\/\" title=\"Contacto\">Encuentre el mejor precio &gt;&gt;<\/a><\/strong><\/p>\n<\/div><\/div>\n\n\n\n<p><\/p>","protected":false},"excerpt":{"rendered":"<p>What is the importance of Descriptive and Exploratory Statistics? Why is descriptive and exploratory statistics key when analyzing your data? When we start a research project with numbers, descriptive and exploratory statistics is the first important step. It helps us understand our data clearly, as if we are seeing it for the first time. This [&hellip;]<\/p>\n","protected":false},"author":1,"featured_media":0,"parent":0,"menu_order":0,"comment_status":"closed","ping_status":"closed","template":"","meta":{"_uag_custom_page_level_css":"","_monsterinsights_skip_tracking":false,"_monsterinsights_sitenote_active":false,"_monsterinsights_sitenote_note":"","_monsterinsights_sitenote_category":0,"site-sidebar-layout":"default","site-content-layout":"","ast-site-content-layout":"default","site-content-style":"default","site-sidebar-style":"default","ast-global-header-display":"","ast-banner-title-visibility":"","ast-main-header-display":"","ast-hfb-above-header-display":"","ast-hfb-below-header-display":"","ast-hfb-mobile-header-display":"","site-post-title":"disabled","ast-breadcrumbs-content":"","ast-featured-img":"","footer-sml-layout":"","ast-disable-related-posts":"","theme-transparent-header-meta":"","adv-header-id-meta":"","stick-header-meta":"","header-above-stick-meta":"","header-main-stick-meta":"","header-below-stick-meta":"","astra-migrate-meta-layouts":"set","ast-page-background-enabled":"default","ast-page-background-meta":{"desktop":{"background-color":"var(--ast-global-color-4)","background-image":"","background-repeat":"repeat","background-position":"center center","background-size":"auto","background-attachment":"scroll","background-type":"","background-media":"","overlay-type":"","overlay-color":"","overlay-opacity":"","overlay-gradient":""},"tablet":{"background-color":"","background-image":"","background-repeat":"repeat","background-position":"center center","background-size":"auto","background-attachment":"scroll","background-type":"","background-media":"","overlay-type":"","overlay-color":"","overlay-opacity":"","overlay-gradient":""},"mobile":{"background-color":"","background-image":"","background-repeat":"repeat","background-position":"center center","background-size":"auto","background-attachment":"scroll","background-type":"","background-media":"","overlay-type":"","overlay-color":"","overlay-opacity":"","overlay-gradient":""}},"ast-content-background-meta":{"desktop":{"background-color":"var(--ast-global-color-5)","background-image":"","background-repeat":"repeat","background-position":"center center","background-size":"auto","background-attachment":"scroll","background-type":"","background-media":"","overlay-type":"","overlay-color":"","overlay-opacity":"","overlay-gradient":""},"tablet":{"background-color":"var(--ast-global-color-5)","background-image":"","background-repeat":"repeat","background-position":"center center","background-size":"auto","background-attachment":"scroll","background-type":"","background-media":"","overlay-type":"","overlay-color":"","overlay-opacity":"","overlay-gradient":""},"mobile":{"background-color":"var(--ast-global-color-5)","background-image":"","background-repeat":"repeat","background-position":"center center","background-size":"auto","background-attachment":"scroll","background-type":"","background-media":"","overlay-type":"","overlay-color":"","overlay-opacity":"","overlay-gradient":""}},"footnotes":""},"class_list":["post-7093","page","type-page","status-publish","hentry"],"uagb_featured_image_src":{"full":false,"thumbnail":false,"medium":false,"medium_large":false,"large":false,"1536x1536":false,"2048x2048":false,"trp-custom-language-flag":false,"woocommerce_thumbnail":false,"woocommerce_single":false,"woocommerce_gallery_thumbnail":false},"uagb_author_info":{"display_name":"emiroffo@gmail.com","author_link":"https:\/\/biomedical-data.com\/es\/author\/emiroffogmail-com\/"},"uagb_comment_info":0,"uagb_excerpt":"What is the importance of Descriptive and Exploratory Statistics? Why is descriptive and exploratory statistics key when analyzing your data? When we start a research project with numbers, descriptive and exploratory statistics is the first important step. It helps us understand our data clearly, as if we are seeing it for the first time. This&hellip;","_links":{"self":[{"href":"https:\/\/biomedical-data.com\/es\/wp-json\/wp\/v2\/pages\/7093","targetHints":{"allow":["GET"]}}],"collection":[{"href":"https:\/\/biomedical-data.com\/es\/wp-json\/wp\/v2\/pages"}],"about":[{"href":"https:\/\/biomedical-data.com\/es\/wp-json\/wp\/v2\/types\/page"}],"author":[{"embeddable":true,"href":"https:\/\/biomedical-data.com\/es\/wp-json\/wp\/v2\/users\/1"}],"replies":[{"embeddable":true,"href":"https:\/\/biomedical-data.com\/es\/wp-json\/wp\/v2\/comments?post=7093"}],"version-history":[{"count":0,"href":"https:\/\/biomedical-data.com\/es\/wp-json\/wp\/v2\/pages\/7093\/revisions"}],"wp:attachment":[{"href":"https:\/\/biomedical-data.com\/es\/wp-json\/wp\/v2\/media?parent=7093"}],"curies":[{"name":"wp","href":"https:\/\/api.w.org\/{rel}","templated":true}]}}