{"id":7046,"date":"2026-02-20T21:36:22","date_gmt":"2026-02-21T00:36:22","guid":{"rendered":"https:\/\/biomedical-data.com\/?page_id=7046"},"modified":"2026-03-11T11:02:56","modified_gmt":"2026-03-11T14:02:56","slug":"blog","status":"publish","type":"page","link":"https:\/\/biomedical-data.com\/es\/blog\/","title":{"rendered":"Blog"},"content":{"rendered":"<div data-aos= \"fade-up\" data-aos-duration=\"400\" data-aos-delay=\"0\" data-aos-easing=\"ease\" data-aos-once=\"true\" class=\"wp-block-uagb-container uagb-block-5qrqjtmt alignfull uagb-is-root-container\"><div class=\"uagb-container-inner-blocks-wrap\">\n<div class=\"wp-block-uagb-info-box uagb-block-fxsf5khj uagb-infobox__content-wrap  uagb-infobox-icon-above-title uagb-infobox-image-valign-top\"><div class=\"uagb-ifb-content\"><div class=\"uagb-ifb-title-wrap\"><h1 class=\"uagb-ifb-title\">Blog<\/h1><\/div><\/div><\/div>\n<\/div><\/div>\n\n\n\n<div class=\"wp-block-uagb-container uagb-block-27sxbztz alignfull uagb-is-root-container\"><div class=\"uagb-container-inner-blocks-wrap\">\n<div data-aos= \"fade-up\" data-aos-duration=\"400\" data-aos-delay=\"0\" data-aos-easing=\"ease\" data-aos-once=\"true\" class=\"wp-block-uagb-info-box uagb-block-88viplqc uagb-infobox__content-wrap  uagb-infobox-icon-above-title uagb-infobox-image-valign-top\"><div class=\"uagb-ifb-content\"><div class=\"uagb-ifb-title-wrap\"><h2 class=\"uagb-ifb-title\">Perspectivas de Investigaci\u00f3n<\/h2><\/div><p class=\"uagb-ifb-desc\">Descubre la mejor informaci\u00f3n a trav\u00e9s de nuestros art\u00edculos especializados. Simplificamos la estad\u00edstica y la investigaci\u00f3n para brindarte perspectivas valiosas sobre los datos modernos.<\/p><\/div><\/div>\n\n\n\n<div data-aos= \"fade-up\" data-aos-duration=\"400\" data-aos-delay=\"0\" data-aos-easing=\"ease\" data-aos-once=\"true\" class=\"wp-block-uagb-container uagb-block-mwourib9\">\n<div class=\"wp-block-uagb-container uagb-block-ah7xmjvi\">\n<div class=\"wp-block-uagb-image alignleft uagb-block-1c8rjvch wp-block-uagb-image--layout-default wp-block-uagb-image--effect-zoomin wp-block-uagb-image--align-left\"><figure class=\"wp-block-uagb-image__figure\"><img decoding=\"async\" srcset=\"https:\/\/biomedical-data.com\/wp-content\/uploads\/2026\/03\/Foto-Blog-3.png ,https:\/\/biomedical-data.com\/wp-content\/uploads\/2026\/03\/Foto-Blog-3.png 780w, https:\/\/biomedical-data.com\/wp-content\/uploads\/2026\/03\/Foto-Blog-3.png 360w\" sizes=\"auto, (max-width: 480px) 150px\" src=\"https:\/\/biomedical-data.com\/wp-content\/uploads\/2026\/03\/Foto-Blog-3.png\" alt=\"\" class=\"uag-image-7665\" width=\"352\" height=\"260\" title=\"\" loading=\"lazy\" role=\"presentation\"\/><\/figure><\/div>\n\n\n\n<div class=\"wp-block-uagb-info-box uagb-block-fxp1wul2 uagb-infobox__content-wrap  uagb-infobox-icon-above-title uagb-infobox-image-valign-top\"><div class=\"uagb-ifb-content\"><div class=\"uagb-ifb-title-wrap\"><h3 class=\"uagb-ifb-title\"><a href=\"https:\/\/biomedical-data.com\/es\/how-to-read-science-without-dying-in-the-attempt\/\" data-type=\"page\" data-id=\"7518\">C\u00f3mo Leer Ciencia sin Morir en el Intento<\/a><\/h3><\/div><p class=\"uagb-ifb-desc\">Gu\u00eda pr\u00e1ctica para profesionales de la salud que traduce la estad\u00edstica en herramientas clave para analizar la evidencia cient\u00edfica sin depender de terceros.<\/p><\/div><\/div>\n<\/div>\n\n\n\n<div class=\"wp-block-uagb-container uagb-block-2vb8idzc\">\n<div class=\"wp-block-uagb-image alignleft uagb-block-0pki074x wp-block-uagb-image--layout-default wp-block-uagb-image--effect-zoomin wp-block-uagb-image--align-left\"><figure class=\"wp-block-uagb-image__figure\"><img decoding=\"async\" srcset=\"https:\/\/biomedical-data.com\/wp-content\/uploads\/2026\/03\/Foto-blog-2.png ,https:\/\/biomedical-data.com\/wp-content\/uploads\/2026\/03\/Foto-blog-2.png 780w, https:\/\/biomedical-data.com\/wp-content\/uploads\/2026\/03\/Foto-blog-2.png 360w\" sizes=\"auto, (max-width: 480px) 150px\" src=\"https:\/\/biomedical-data.com\/wp-content\/uploads\/2026\/03\/Foto-blog-2.png\" alt=\"\" class=\"uag-image-7666\" width=\"352\" height=\"260\" title=\"\" loading=\"lazy\" role=\"presentation\"\/><\/figure><\/div>\n\n\n\n<div class=\"wp-block-uagb-info-box uagb-block-mkyjr5n0 uagb-infobox__content-wrap  uagb-infobox-icon-above-title uagb-infobox-image-valign-top\"><div class=\"uagb-ifb-content\"><div class=\"uagb-ifb-title-wrap\"><h3 class=\"uagb-ifb-title\"><a href=\"https:\/\/biomedical-data.com\/es\/what-is-sample-size-and-why-is-it-important\/\" title=\"\u00bfQu\u00e9 es el tama\u00f1o de la muestra y por qu\u00e9 es importante?\">\u00bfQu\u00e9 es el tama\u00f1o de la muestra y por qu\u00e9 es importante?<\/a><\/h3><\/div><p class=\"uagb-ifb-desc\">Calcular el tama\u00f1o de muestra correcto optimiza los recursos al tiempo que garantiza que los resultados de la investigaci\u00f3n sean v\u00e1lidos, precisos y estad\u00edsticamente confiables para cualquier estudio.<\/p><\/div><\/div>\n<\/div>\n\n\n\n<div class=\"wp-block-uagb-container uagb-block-fvbccnfy\">\n<div class=\"wp-block-uagb-image alignleft uagb-block-m0esmbdb wp-block-uagb-image--layout-default wp-block-uagb-image--effect-zoomin wp-block-uagb-image--align-left\"><figure class=\"wp-block-uagb-image__figure\"><img decoding=\"async\" srcset=\"https:\/\/biomedical-data.com\/wp-content\/uploads\/2026\/03\/Foto-blog-1.png ,https:\/\/biomedical-data.com\/wp-content\/uploads\/2026\/03\/Foto-blog-1.png 780w, https:\/\/biomedical-data.com\/wp-content\/uploads\/2026\/03\/Foto-blog-1.png 360w\" sizes=\"auto, (max-width: 480px) 150px\" src=\"https:\/\/biomedical-data.com\/wp-content\/uploads\/2026\/03\/Foto-blog-1.png\" alt=\"\" class=\"uag-image-7667\" width=\"352\" height=\"260\" title=\"\" loading=\"lazy\" role=\"presentation\"\/><\/figure><\/div>\n\n\n\n<div class=\"wp-block-uagb-info-box uagb-block-8rluadvk uagb-infobox__content-wrap  uagb-infobox-icon-above-title uagb-infobox-image-valign-top\"><div class=\"uagb-ifb-content\"><div class=\"uagb-ifb-title-wrap\"><h3 class=\"uagb-ifb-title\"><a href=\"https:\/\/biomedical-data.com\/es\/what-is-the-importance-of-descriptive-and-exploratory-statistics\/\" title=\"\u00bfCu\u00e1l es la importancia de la estad\u00edstica descriptiva y exploratoria?\">\u00bfCu\u00e1l es la importancia de la estad\u00edstica descriptiva y exploratoria?<\/a><\/h3><\/div><p class=\"uagb-ifb-desc\">Esta rama de la estad\u00edstica organiza y resume los datos para identificar patrones, detectar errores y facilitar una comprensi\u00f3n profunda de cualquier investigaci\u00f3n.<\/p><\/div><\/div>\n<\/div>\n<\/div>\n<\/div><\/div>","protected":false},"excerpt":{"rendered":"","protected":false},"author":1,"featured_media":0,"parent":0,"menu_order":0,"comment_status":"closed","ping_status":"closed","template":"","meta":{"_uag_custom_page_level_css":"","_monsterinsights_skip_tracking":false,"_monsterinsights_sitenote_active":false,"_monsterinsights_sitenote_note":"","_monsterinsights_sitenote_category":0,"site-sidebar-layout":"default","site-content-layout":"","ast-site-content-layout":"default","site-content-style":"default","site-sidebar-style":"default","ast-global-header-display":"","ast-banner-title-visibility":"","ast-main-header-display":"","ast-hfb-above-header-display":"","ast-hfb-below-header-display":"","ast-hfb-mobile-header-display":"","site-post-title":"disabled","ast-breadcrumbs-content":"","ast-featured-img":"","footer-sml-layout":"","ast-disable-related-posts":"","theme-transparent-header-meta":"","adv-header-id-meta":"","stick-header-meta":"","header-above-stick-meta":"","header-main-stick-meta":"","header-below-stick-meta":"","astra-migrate-meta-layouts":"set","ast-page-background-enabled":"default","ast-page-background-meta":{"desktop":{"background-color":"var(--ast-global-color-4)","background-image":"","background-repeat":"repeat","background-position":"center center","background-size":"auto","background-attachment":"scroll","background-type":"","background-media":"","overlay-type":"","overlay-color":"","overlay-opacity":"","overlay-gradient":""},"tablet":{"background-color":"","background-image":"","background-repeat":"repeat","background-position":"center center","background-size":"auto","background-attachment":"scroll","background-type":"","background-media":"","overlay-type":"","overlay-color":"","overlay-opacity":"","overlay-gradient":""},"mobile":{"background-color":"","background-image":"","background-repeat":"repeat","background-position":"center center","background-size":"auto","background-attachment":"scroll","background-type":"","background-media":"","overlay-type":"","overlay-color":"","overlay-opacity":"","overlay-gradient":""}},"ast-content-background-meta":{"desktop":{"background-color":"var(--ast-global-color-5)","background-image":"","background-repeat":"repeat","background-position":"center center","background-size":"auto","background-attachment":"scroll","background-type":"","background-media":"","overlay-type":"","overlay-color":"","overlay-opacity":"","overlay-gradient":""},"tablet":{"background-color":"var(--ast-global-color-5)","background-image":"","background-repeat":"repeat","background-position":"center center","background-size":"auto","background-attachment":"scroll","background-type":"","background-media":"","overlay-type":"","overlay-color":"","overlay-opacity":"","overlay-gradient":""},"mobile":{"background-color":"var(--ast-global-color-5)","background-image":"","background-repeat":"repeat","background-position":"center center","background-size":"auto","background-attachment":"scroll","background-type":"","background-media":"","overlay-type":"","overlay-color":"","overlay-opacity":"","overlay-gradient":""}},"footnotes":""},"class_list":["post-7046","page","type-page","status-publish","hentry"],"uagb_featured_image_src":{"full":false,"thumbnail":false,"medium":false,"medium_large":false,"large":false,"1536x1536":false,"2048x2048":false,"trp-custom-language-flag":false,"woocommerce_thumbnail":false,"woocommerce_single":false,"woocommerce_gallery_thumbnail":false},"uagb_author_info":{"display_name":"emiroffo@gmail.com","author_link":"https:\/\/biomedical-data.com\/es\/author\/emiroffogmail-com\/"},"uagb_comment_info":0,"uagb_excerpt":null,"_links":{"self":[{"href":"https:\/\/biomedical-data.com\/es\/wp-json\/wp\/v2\/pages\/7046","targetHints":{"allow":["GET"]}}],"collection":[{"href":"https:\/\/biomedical-data.com\/es\/wp-json\/wp\/v2\/pages"}],"about":[{"href":"https:\/\/biomedical-data.com\/es\/wp-json\/wp\/v2\/types\/page"}],"author":[{"embeddable":true,"href":"https:\/\/biomedical-data.com\/es\/wp-json\/wp\/v2\/users\/1"}],"replies":[{"embeddable":true,"href":"https:\/\/biomedical-data.com\/es\/wp-json\/wp\/v2\/comments?post=7046"}],"version-history":[{"count":0,"href":"https:\/\/biomedical-data.com\/es\/wp-json\/wp\/v2\/pages\/7046\/revisions"}],"wp:attachment":[{"href":"https:\/\/biomedical-data.com\/es\/wp-json\/wp\/v2\/media?parent=7046"}],"curies":[{"name":"wp","href":"https:\/\/api.w.org\/{rel}","templated":true}]}}