{"id":5029,"date":"2026-01-03T10:37:40","date_gmt":"2026-01-03T13:37:40","guid":{"rendered":"https:\/\/biomedical-data.com\/?page_id=5029"},"modified":"2026-03-09T11:31:45","modified_gmt":"2026-03-09T14:31:45","slug":"refound-policy","status":"publish","type":"page","link":"https:\/\/biomedical-data.com\/es\/refound-policy\/","title":{"rendered":"Pol\u00edticas de Devoluci\u00f3n"},"content":{"rendered":"<div class=\"wp-block-uagb-container uagb-block-e1ca9af2 alignfull uagb-is-root-container\"><div class=\"uagb-container-inner-blocks-wrap\">\n<h2 class=\"wp-block-heading has-ast-global-color-8-color has-text-color has-link-color wp-elements-d14aeded782f15d090f6d9ea68483b43\" style=\"padding-top:0;padding-bottom:0;font-size:25px\">Pol\u00edticas de Devoluci\u00f3n <\/h2>\n\n\n\n<p class=\"has-small-font-size\"><strong>\u00daltima actualizaci\u00f3n:<\/strong> 03\/09\/2026<\/p>\n\n\n\n<p class=\"has-small-font-size translation-block\">Esta Pol\u00edtica de Reembolso establece los t\u00e9rminos aplicables a la compra de servicios profesionales y cursos en l\u00ednea ofrecidos por Biomedical Data. Al realizar una compra, el cliente acepta expresamente esta pol\u00edtica.<\/p>\n\n\n\n<h2 class=\"wp-block-heading has-ast-global-color-8-color has-text-color has-link-color has-medium-font-size wp-elements-f0e57f312fc0903c062d472d54e7da86\" style=\"padding-top:0;padding-bottom:0\">1. Alcance<\/h2>\n\n\n\n<p class=\"has-small-font-size\">Esta Pol\u00edtica de Reembolso se aplica a:<\/p>\n\n\n\n<ul class=\"wp-block-list\">\n<li class=\"has-small-font-size\">Servicios profesionales de an\u00e1lisis estad\u00edstico<\/li>\n\n\n\n<li class=\"has-small-font-size\">Cursos en l\u00ednea<\/li>\n<\/ul>\n\n\n\n<p class=\"has-small-font-size\">No se aplica a recursos descargables gratuitos.<\/p>\n\n\n\n<h2 class=\"wp-block-heading has-ast-global-color-8-color has-text-color has-link-color has-medium-font-size wp-elements-b42db680fc463c3189b049fdb00a672c\" style=\"padding-top:var(--wp--preset--spacing--20);padding-bottom:var(--wp--preset--spacing--20)\">2. Servicios profesionales<\/h2>\n\n\n\n<p class=\"has-small-font-size translation-block\">Los servicios profesionales de Biomedical Data son personalizados y se brindan como obligaciones de medios.<\/p>\n\n\n\n<h3 class=\"wp-block-heading has-small-font-size\">Reembolsos<\/h3>\n\n\n\n<ul class=\"wp-block-list\">\n<li class=\"has-small-font-size translation-block\">En caso de cancelaci\u00f3n por parte del cliente, se reembolsar\u00e1 el noventa por ciento (90%) de cualquier dep\u00f3sito pagado, reteniendo el diez por ciento (10%) como tarifa administrativa, siempre que dicho dep\u00f3sito haya sido efectivamente abonado.<\/li>\n\n\n\n<li class=\"has-small-font-size translation-block\">Si no se pag\u00f3 ning\u00fan dep\u00f3sito, no se emitir\u00e1 ning\u00fan reembolso bajo ninguna circunstancia.<\/li>\n\n\n\n<li class=\"has-small-font-size\">No se otorgar\u00e1n reembolsos una vez que el servicio haya comenzado o se haya entregado cualquier producto parcial.<\/li>\n<\/ul>\n\n\n\n<h2 class=\"wp-block-heading has-ast-global-color-8-color has-text-color has-link-color has-medium-font-size wp-elements-2348e36ebae506e68bb0b76476b70424\">3. Cursos en l\u00ednea<\/h2>\n\n\n\n<p class=\"has-small-font-size\">Los cursos en l\u00ednea son productos digitales con acceso limitado por tiempo.<\/p>\n\n\n\n<h3 class=\"wp-block-heading has-small-font-size\">Reembolsos<\/h3>\n\n\n\n<ul class=\"wp-block-list\">\n<li class=\"has-small-font-size translation-block\">Se otorgar\u00e1n reembolsos \u00fanicamente si no se ha accedido al curso.<\/li>\n\n\n\n<li class=\"has-small-font-size translation-block\">Una vez que se haya iniciado el acceso al contenido del curso, todas las ventas son finales y no reembolsables, sin excepci\u00f3n.<\/li>\n<\/ul>\n\n\n\n<h2 class=\"wp-block-heading has-ast-global-color-8-color has-text-color has-link-color has-medium-font-size wp-elements-72974579fed440c73b41ee5dd11c89b3\" style=\"padding-top:var(--wp--preset--spacing--20);padding-bottom:var(--wp--preset--spacing--20)\">4. M\u00e9todos de pago<\/h2>\n\n\n\n<p class=\"has-small-font-size translation-block\">Los reembolsos aprobados, si corresponden, se procesar\u00e1n utilizando el mismo m\u00e9todo de pago utilizado originalmente para la compra, sujetos a los tiempos de procesamiento de la plataforma de pago correspondiente (Mercado Pago, PayPal o transferencia bancaria).<\/p>\n\n\n\n<h2 class=\"wp-block-heading has-ast-global-color-8-color has-text-color has-link-color has-medium-font-size wp-elements-015fb4bc95f56017b6352c006b39bd00\">5. Exclusiones<\/h2>\n\n\n\n<p class=\"has-small-font-size\">No se emitir\u00e1n reembolsos debido a:<\/p>\n\n\n\n<ul class=\"wp-block-list\">\n<li class=\"has-small-font-size\">Falta de uso del servicio o curso durante el periodo de acceso<\/li>\n\n\n\n<li class=\"has-small-font-size\">Cambio de opini\u00f3n por parte del cliente<\/li>\n\n\n\n<li class=\"has-small-font-size\">Problemas t\u00e9cnicos atribuibles al dispositivo, conexi\u00f3n a internet o configuraci\u00f3n del usuario<\/li>\n<\/ul>\n\n\n\n<h2 class=\"wp-block-heading has-ast-global-color-8-color has-text-color has-link-color has-medium-font-size wp-elements-86fc2cf025f46380735f402af88e188d\">6. Cambios<\/h2>\n\n\n\n<p class=\"has-small-font-size\">Biomedical Data se reserva el derecho de modificar esta Pol\u00edtica de Reembolso en cualquier momento. Los cambios entrar\u00e1n en vigor a partir de su publicaci\u00f3n en el sitio web.<\/p>\n\n\n\n<h2 class=\"wp-block-heading has-ast-global-color-8-color has-text-color has-link-color has-medium-font-size wp-elements-3b07cd23c5e69110c1262cfb8887f404\" style=\"padding-top:var(--wp--preset--spacing--20);padding-bottom:var(--wp--preset--spacing--20)\">7. Ley aplicable y jurisdicci\u00f3n<\/h2>\n\n\n\n<p class=\"has-small-font-size translation-block\">Esta Pol\u00edtica de Reembolso se regir\u00e1 por las leyes de la Rep\u00fablica Argentina. Cualquier disputa estar\u00e1 sujeta a la jurisdicci\u00f3n exclusiva de los tribunales competentes de la Rep\u00fablica Argentina.<\/p>\n\n\n\n<p><\/p>\n<\/div><\/div>","protected":false},"excerpt":{"rendered":"<p>Refund Policy Last updated: 03\/09\/2026 This Refund Policy sets forth the terms applicable to the purchase of professional services and online courses offered by Biomedical Data. By making a purchase, the client expressly agrees to this policy. 1. Scope This Refund Policy applies to: It does not apply to free downloadable resources. 2. Professional services [&hellip;]<\/p>\n","protected":false},"author":1,"featured_media":0,"parent":0,"menu_order":0,"comment_status":"closed","ping_status":"closed","template":"","meta":{"_uag_custom_page_level_css":"","_monsterinsights_skip_tracking":false,"_monsterinsights_sitenote_active":false,"_monsterinsights_sitenote_note":"","_monsterinsights_sitenote_category":0,"site-sidebar-layout":"default","site-content-layout":"","ast-site-content-layout":"default","site-content-style":"default","site-sidebar-style":"default","ast-global-header-display":"","ast-banner-title-visibility":"","ast-main-header-display":"","ast-hfb-above-header-display":"","ast-hfb-below-header-display":"","ast-hfb-mobile-header-display":"","site-post-title":"disabled","ast-breadcrumbs-content":"","ast-featured-img":"","footer-sml-layout":"","theme-transparent-header-meta":"","adv-header-id-meta":"","stick-header-meta":"","header-above-stick-meta":"","header-main-stick-meta":"","header-below-stick-meta":"","astra-migrate-meta-layouts":"set","ast-page-background-enabled":"default","ast-page-background-meta":{"desktop":{"background-color":"var(--ast-global-color-4)","background-image":"","background-repeat":"repeat","background-position":"center center","background-size":"auto","background-attachment":"scroll","background-type":"","background-media":"","overlay-type":"","overlay-color":"","overlay-opacity":"","overlay-gradient":""},"tablet":{"background-color":"","background-image":"","background-repeat":"repeat","background-position":"center center","background-size":"auto","background-attachment":"scroll","background-type":"","background-media":"","overlay-type":"","overlay-color":"","overlay-opacity":"","overlay-gradient":""},"mobile":{"background-color":"","background-image":"","background-repeat":"repeat","background-position":"center center","background-size":"auto","background-attachment":"scroll","background-type":"","background-media":"","overlay-type":"","overlay-color":"","overlay-opacity":"","overlay-gradient":""}},"ast-content-background-meta":{"desktop":{"background-color":"var(--ast-global-color-5)","background-image":"","background-repeat":"repeat","background-position":"center center","background-size":"auto","background-attachment":"scroll","background-type":"","background-media":"","overlay-type":"","overlay-color":"","overlay-opacity":"","overlay-gradient":""},"tablet":{"background-color":"var(--ast-global-color-5)","background-image":"","background-repeat":"repeat","background-position":"center center","background-size":"auto","background-attachment":"scroll","background-type":"","background-media":"","overlay-type":"","overlay-color":"","overlay-opacity":"","overlay-gradient":""},"mobile":{"background-color":"var(--ast-global-color-5)","background-image":"","background-repeat":"repeat","background-position":"center center","background-size":"auto","background-attachment":"scroll","background-type":"","background-media":"","overlay-type":"","overlay-color":"","overlay-opacity":"","overlay-gradient":""}},"footnotes":""},"class_list":["post-5029","page","type-page","status-publish","hentry"],"uagb_featured_image_src":{"full":false,"thumbnail":false,"medium":false,"medium_large":false,"large":false,"1536x1536":false,"2048x2048":false,"trp-custom-language-flag":false,"woocommerce_thumbnail":false,"woocommerce_single":false,"woocommerce_gallery_thumbnail":false},"uagb_author_info":{"display_name":"emiroffo@gmail.com","author_link":"https:\/\/biomedical-data.com\/es\/author\/emiroffogmail-com\/"},"uagb_comment_info":0,"uagb_excerpt":"Refund Policy Last updated: 03\/09\/2026 This Refund Policy sets forth the terms applicable to the purchase of professional services and online courses offered by Biomedical Data. By making a purchase, the client expressly agrees to this policy. 1. Scope This Refund Policy applies to: It does not apply to free downloadable resources. 2. Professional services&hellip;","_links":{"self":[{"href":"https:\/\/biomedical-data.com\/es\/wp-json\/wp\/v2\/pages\/5029","targetHints":{"allow":["GET"]}}],"collection":[{"href":"https:\/\/biomedical-data.com\/es\/wp-json\/wp\/v2\/pages"}],"about":[{"href":"https:\/\/biomedical-data.com\/es\/wp-json\/wp\/v2\/types\/page"}],"author":[{"embeddable":true,"href":"https:\/\/biomedical-data.com\/es\/wp-json\/wp\/v2\/users\/1"}],"replies":[{"embeddable":true,"href":"https:\/\/biomedical-data.com\/es\/wp-json\/wp\/v2\/comments?post=5029"}],"version-history":[{"count":0,"href":"https:\/\/biomedical-data.com\/es\/wp-json\/wp\/v2\/pages\/5029\/revisions"}],"wp:attachment":[{"href":"https:\/\/biomedical-data.com\/es\/wp-json\/wp\/v2\/media?parent=5029"}],"curies":[{"name":"wp","href":"https:\/\/api.w.org\/{rel}","templated":true}]}}