{"id":3,"date":"2025-08-07T00:46:25","date_gmt":"2025-08-07T00:46:25","guid":{"rendered":"https:\/\/biomedical-data.com\/?page_id=3"},"modified":"2026-03-09T11:36:33","modified_gmt":"2026-03-09T14:36:33","slug":"privacy-policy","status":"publish","type":"page","link":"https:\/\/biomedical-data.com\/es\/privacy-policy\/","title":{"rendered":"Pol\u00edticas de Privacidad"},"content":{"rendered":"<div class=\"wp-block-uagb-container uagb-block-d1f4fce1 alignfull uagb-is-root-container\"><div class=\"uagb-container-inner-blocks-wrap\">\n<h2 class=\"wp-block-heading has-ast-global-color-8-color has-text-color has-link-color wp-elements-c16a29a191a13160298d26af0565c278\" style=\"padding-top:0;padding-bottom:0;font-size:25px\">Pol\u00edticas de Privacidad<\/h2>\n\n\n\n<h2 class=\"wp-block-heading has-ast-global-color-8-color has-text-color has-link-color has-medium-font-size wp-elements-13feebe950e20c15c8f4d47f99606103\" style=\"padding-top:0;padding-bottom:0\">1. Responsable del tratamiento<\/h2>\n\n\n\n<p class=\"has-small-font-size\">Biomedical Data es responsable del tratamiento de los datos personales recopilados a trav\u00e9s de este sitio web.<\/p>\n\n\n\n<ul class=\"wp-block-list\">\n<li class=\"has-small-font-size translation-block\">Raz\u00f3n social: Biomedical Data<\/li>\n\n\n\n<li class=\"has-small-font-size translation-block\">Pa\u00eds: Argentina<\/li>\n\n\n\n<li class=\"has-small-font-size translation-block\">Correo electr\u00f3nico de contacto: <a target=\"_self\">contact@biomedical-data.com<\/a><\/li>\n<\/ul>\n\n\n\n<p class=\"has-small-font-size translation-block\">Los datos personales se procesan de acuerdo con la Ley de Protecci\u00f3n de Datos Personales de Argentina N\u00b0 25.326.<\/p>\n\n\n\n<h2 class=\"wp-block-heading has-ast-global-color-8-color has-text-color has-link-color has-medium-font-size wp-elements-a8136f7dd197520e5ce40f7db2b3dc6f\" style=\"padding-top:var(--wp--preset--spacing--20);padding-bottom:var(--wp--preset--spacing--20)\">2. Alcance<\/h2>\n\n\n\n<p class=\"has-small-font-size\">Esta Pol\u00edtica de Privacidad explica c\u00f3mo Biomedical Data recopila, utiliza, almacena y protege los datos personales de los usuarios que acceden o utilizan el sitio web, incluyendo:<\/p>\n\n\n\n<ul class=\"wp-block-list\">\n<li class=\"has-small-font-size\">Servicios profesionales de an\u00e1lisis estad\u00edstico<\/li>\n\n\n\n<li class=\"has-small-font-size\">Cursos en l\u00ednea<\/li>\n\n\n\n<li class=\"has-small-font-size\">Recursos gratuitos descargables.<\/li>\n\n\n\n<li class=\"has-small-font-size\">Contenido del blog<\/li>\n<\/ul>\n\n\n\n<h2 class=\"wp-block-heading has-ast-global-color-8-color has-text-color has-link-color has-medium-font-size wp-elements-7f8ec6933acfcbfa7552c637d5ecd6bf\">3. Datos personales recopilados<\/h2>\n\n\n\n<p class=\"has-small-font-size\">Se pueden recopilar los siguientes datos personales:<\/p>\n\n\n\n<ul class=\"wp-block-list\">\n<li class=\"has-small-font-size\">Nombre y apellido.<\/li>\n\n\n\n<li class=\"has-small-font-size\">Direcci\u00f3n de correo electr\u00f3nico.<\/li>\n\n\n\n<li class=\"has-small-font-size\">Informaci\u00f3n de facturaci\u00f3n (solo en caso de compra).<\/li>\n\n\n\n<li class=\"has-small-font-size\">Direcci\u00f3n IP y datos t\u00e9cnicos de navegaci\u00f3n.<\/li>\n<\/ul>\n\n\n\n<p class=\"has-small-font-size\">No se recopilan datos personales sensibles.<\/p>\n\n\n\n<h2 class=\"wp-block-heading has-ast-global-color-8-color has-text-color has-link-color has-medium-font-size wp-elements-c74237595e35db80d9a561f1e79291a5\" style=\"padding-top:var(--wp--preset--spacing--20);padding-bottom:var(--wp--preset--spacing--20)\">4. M\u00e9todos de recolecci\u00f3n de datos<\/h2>\n\n\n\n<p class=\"has-small-font-size\">Los datos personales se recopilan a trav\u00e9s de:<\/p>\n\n\n\n<ul class=\"wp-block-list\">\n<li class=\"has-small-font-size\">Formularios de contacto<\/li>\n\n\n\n<li class=\"has-small-font-size\">Registro de usuario<\/li>\n\n\n\n<li class=\"has-small-font-size\">Procesos de pago y compra<\/li>\n\n\n\n<li>Suscripciones al bolet\u00edn informativo<\/li>\n\n\n\n<li>Descargas de recursos gratuitos<\/li>\n\n\n\n<li>Comentarios del sitio web<\/li>\n<\/ul>\n\n\n\n<h2 class=\"wp-block-heading has-ast-global-color-8-color has-text-color has-link-color has-medium-font-size wp-elements-d5ed21a96a867aeb53766d3d5d7ab9e4\">5. Finalidad del tratamiento de datos.<\/h2>\n\n\n\n<p class=\"has-small-font-size\">Los datos personales se utilizan para:<\/p>\n\n\n\n<ul class=\"wp-block-list\">\n<li class=\"has-small-font-size\">Responder a consultas y solicitudes de contacto<\/li>\n\n\n\n<li class=\"has-small-font-size\">Proporcionar servicios profesionales de an\u00e1lisis estad\u00edstico<\/li>\n\n\n\n<li class=\"has-small-font-size\">Gestionar compras, pagos y facturaci\u00f3n.<\/li>\n\n\n\n<li class=\"has-small-font-size\">Otorgar acceso a cursos en l\u00ednea.<\/li>\n\n\n\n<li class=\"has-small-font-size\">Enviar comunicaciones informativas o promocionales<\/li>\n\n\n\n<li class=\"has-small-font-size\">Cumplir con obligaciones legales y fiscales<\/li>\n<\/ul>\n\n\n\n<h2 class=\"wp-block-heading has-ast-global-color-8-color has-text-color has-link-color has-medium-font-size wp-elements-2d4e3d5a6875fccfb1601e4e473963b6\">6. Servicios de terceros<\/h2>\n\n\n\n<p class=\"has-small-font-size\">El sitio web utiliza servicios de terceros que pueden tratar datos limitados:<\/p>\n\n\n\n<ul class=\"wp-block-list\">\n<li class=\"has-small-font-size translation-block\">Google Analytics y Google Search Console para el an\u00e1lisis del sitio web<\/li>\n\n\n\n<li class=\"has-small-font-size translation-block\">Pasarelas de pago: Mercado Pago (Argentina), PayPal y transferencias bancarias (Argentina).<\/li>\n<\/ul>\n\n\n\n<p class=\"has-small-font-size\">Estos terceros tratan los datos de acuerdo con sus propias pol\u00edticas de privacidad.<\/p>\n\n\n\n<h2 class=\"wp-block-heading has-ast-global-color-8-color has-text-color has-link-color has-medium-font-size wp-elements-35853198debf5a2546ea43bec15c2468\" style=\"padding-top:var(--wp--preset--spacing--20);padding-bottom:var(--wp--preset--spacing--20)\">7. Cookies<\/h2>\n\n\n\n<p class=\"has-small-font-size\">Solo se utilizan cookies t\u00e9cnicas esenciales para garantizar el funcionamiento correcto del sitio web. No se utilizan cookies de publicidad ni de remarketing.<\/p>\n\n\n\n<h2 class=\"wp-block-heading has-ast-global-color-8-color has-text-color has-link-color has-medium-font-size wp-elements-15ab0b6c4d1e4c5ba72dbf50d72c9beb\" style=\"padding-top:var(--wp--preset--spacing--20);padding-bottom:var(--wp--preset--spacing--20)\">8. Plazo de conservaci\u00f3n de los datos.<\/h2>\n\n\n\n<p class=\"has-small-font-size\">Los datos personales se conservar\u00e1n solo durante el tiempo necesario para cumplir con los fines para los que fueron recopilados o seg\u00fan lo exija la ley.<\/p>\n\n\n\n<h2 class=\"wp-block-heading has-ast-global-color-8-color has-text-color has-link-color has-medium-font-size wp-elements-267881abce9c485f88adb557a871478b\" style=\"padding-top:var(--wp--preset--spacing--20);padding-bottom:var(--wp--preset--spacing--20)\">9. Derechos del usuario.<\/h2>\n\n\n\n<p class=\"has-small-font-size\">Los usuarios tienen derecho a:<\/p>\n\n\n\n<ul class=\"wp-block-list\">\n<li class=\"has-small-font-size\">Acceder a sus datos personales<\/li>\n\n\n\n<li class=\"has-small-font-size\">Solicitar su rectificaci\u00f3n o supresi\u00f3n<\/li>\n<\/ul>\n\n\n\n<p class=\"has-small-font-size translation-block\">Las solicitudes pueden enviarse a contact@biomedical-data.com.<\/p>\n\n\n\n<h2 class=\"wp-block-heading has-ast-global-color-8-color has-text-color has-link-color has-medium-font-size wp-elements-4ad4dff577d83342497c8356c3da4a14\" style=\"padding-top:var(--wp--preset--spacing--20);padding-bottom:var(--wp--preset--spacing--20)\">10. Seguridad de los datos.<\/h2>\n\n\n\n<p class=\"has-small-font-size\">Biomedical Data implementa medidas t\u00e9cnicas y organizativas razonables para proteger los datos personales.<\/p>\n\n\n\n<h2 class=\"wp-block-heading has-ast-global-color-8-color has-text-color has-link-color has-medium-font-size wp-elements-be2008e49caddc48b8d0a76211714110\" style=\"padding-top:var(--wp--preset--spacing--20);padding-bottom:var(--wp--preset--spacing--20)\">11. Solo para adultos.<\/h2>\n\n\n\n<p class=\"has-small-font-size\">Este sitio web est\u00e1 destinado exclusivamente a adultos. No se recopilan conscientemente datos personales de menores.<\/p>\n\n\n\n<h2 class=\"wp-block-heading has-ast-global-color-8-color has-text-color has-link-color has-medium-font-size wp-elements-c22d2426277d6db241a3d02100c87fad\" style=\"padding-top:var(--wp--preset--spacing--20);padding-bottom:var(--wp--preset--spacing--20)\">12. Cambios en esta pol\u00edtica<\/h2>\n\n\n\n<p class=\"has-small-font-size\">Biomedical Data se reserva el derecho de actualizar esta Pol\u00edtica de Privacidad en cualquier momento. Los cambios entrar\u00e1n en vigor a partir de su publicaci\u00f3n en el sitio web.<\/p>\n\n\n\n<p><\/p>\n<\/div><\/div>","protected":false},"excerpt":{"rendered":"<p>Privacy Policy 1. Data Controller Biomedical Data is responsible for the processing of personal data collected through this website. Personal data is processed in accordance with Argentine Personal Data Protection Law No.&nbsp;25,326. 2. Scope This Privacy Policy explains how Biomedical Data collects, uses, stores, and protects personal data from users who access or use the [&hellip;]<\/p>\n","protected":false},"author":1,"featured_media":0,"parent":0,"menu_order":0,"comment_status":"closed","ping_status":"closed","template":"","meta":{"_uag_custom_page_level_css":"","_monsterinsights_skip_tracking":false,"_monsterinsights_sitenote_active":false,"_monsterinsights_sitenote_note":"","_monsterinsights_sitenote_category":0,"site-sidebar-layout":"default","site-content-layout":"","ast-site-content-layout":"default","site-content-style":"default","site-sidebar-style":"default","ast-global-header-display":"","ast-banner-title-visibility":"","ast-main-header-display":"","ast-hfb-above-header-display":"","ast-hfb-below-header-display":"","ast-hfb-mobile-header-display":"","site-post-title":"disabled","ast-breadcrumbs-content":"","ast-featured-img":"","footer-sml-layout":"","theme-transparent-header-meta":"","adv-header-id-meta":"","stick-header-meta":"","header-above-stick-meta":"","header-main-stick-meta":"","header-below-stick-meta":"","astra-migrate-meta-layouts":"set","ast-page-background-enabled":"default","ast-page-background-meta":{"desktop":{"background-color":"var(--ast-global-color-4)","background-image":"","background-repeat":"repeat","background-position":"center center","background-size":"auto","background-attachment":"scroll","background-type":"","background-media":"","overlay-type":"","overlay-color":"","overlay-opacity":"","overlay-gradient":""},"tablet":{"background-color":"","background-image":"","background-repeat":"repeat","background-position":"center center","background-size":"auto","background-attachment":"scroll","background-type":"","background-media":"","overlay-type":"","overlay-color":"","overlay-opacity":"","overlay-gradient":""},"mobile":{"background-color":"","background-image":"","background-repeat":"repeat","background-position":"center center","background-size":"auto","background-attachment":"scroll","background-type":"","background-media":"","overlay-type":"","overlay-color":"","overlay-opacity":"","overlay-gradient":""}},"ast-content-background-meta":{"desktop":{"background-color":"var(--ast-global-color-5)","background-image":"","background-repeat":"repeat","background-position":"center center","background-size":"auto","background-attachment":"scroll","background-type":"","background-media":"","overlay-type":"","overlay-color":"","overlay-opacity":"","overlay-gradient":""},"tablet":{"background-color":"var(--ast-global-color-5)","background-image":"","background-repeat":"repeat","background-position":"center center","background-size":"auto","background-attachment":"scroll","background-type":"","background-media":"","overlay-type":"","overlay-color":"","overlay-opacity":"","overlay-gradient":""},"mobile":{"background-color":"var(--ast-global-color-5)","background-image":"","background-repeat":"repeat","background-position":"center center","background-size":"auto","background-attachment":"scroll","background-type":"","background-media":"","overlay-type":"","overlay-color":"","overlay-opacity":"","overlay-gradient":""}},"footnotes":""},"class_list":["post-3","page","type-page","status-publish","hentry"],"uagb_featured_image_src":{"full":false,"thumbnail":false,"medium":false,"medium_large":false,"large":false,"1536x1536":false,"2048x2048":false,"trp-custom-language-flag":false,"woocommerce_thumbnail":false,"woocommerce_single":false,"woocommerce_gallery_thumbnail":false},"uagb_author_info":{"display_name":"emiroffo@gmail.com","author_link":"https:\/\/biomedical-data.com\/es\/author\/emiroffogmail-com\/"},"uagb_comment_info":0,"uagb_excerpt":"Privacy Policy 1. Data Controller Biomedical Data is responsible for the processing of personal data collected through this website. Personal data is processed in accordance with Argentine Personal Data Protection Law No.&nbsp;25,326. 2. Scope This Privacy Policy explains how Biomedical Data collects, uses, stores, and protects personal data from users who access or use the&hellip;","_links":{"self":[{"href":"https:\/\/biomedical-data.com\/es\/wp-json\/wp\/v2\/pages\/3","targetHints":{"allow":["GET"]}}],"collection":[{"href":"https:\/\/biomedical-data.com\/es\/wp-json\/wp\/v2\/pages"}],"about":[{"href":"https:\/\/biomedical-data.com\/es\/wp-json\/wp\/v2\/types\/page"}],"author":[{"embeddable":true,"href":"https:\/\/biomedical-data.com\/es\/wp-json\/wp\/v2\/users\/1"}],"replies":[{"embeddable":true,"href":"https:\/\/biomedical-data.com\/es\/wp-json\/wp\/v2\/comments?post=3"}],"version-history":[{"count":0,"href":"https:\/\/biomedical-data.com\/es\/wp-json\/wp\/v2\/pages\/3\/revisions"}],"wp:attachment":[{"href":"https:\/\/biomedical-data.com\/es\/wp-json\/wp\/v2\/media?parent=3"}],"curies":[{"name":"wp","href":"https:\/\/api.w.org\/{rel}","templated":true}]}}