{"id":2878,"date":"2025-08-14T21:58:55","date_gmt":"2025-08-14T21:58:55","guid":{"rendered":"https:\/\/biomedical-data.com\/?page_id=2878"},"modified":"2026-03-02T21:24:54","modified_gmt":"2026-03-03T00:24:54","slug":"what-is-sample-size-and-why-is-it-important","status":"publish","type":"page","link":"https:\/\/biomedical-data.com\/es\/what-is-sample-size-and-why-is-it-important\/","title":{"rendered":"\u00bfQu\u00e9 es el tama\u00f1o de la muestra y por qu\u00e9 es importante?"},"content":{"rendered":"<div class=\"wp-block-uagb-container uagb-block-2d3917aa alignfull uagb-is-root-container\"><div class=\"uagb-container-inner-blocks-wrap\">\n<div class=\"wp-block-uagb-advanced-heading uagb-block-50db6fa2\"><h2 class=\"uagb-heading-text\">\u00bfQu\u00e9 es el tama\u00f1o de la muestra y por qu\u00e9 es importante?<\/h2><\/div>\n\n\n\n<div class=\"wp-block-uagb-separator uagb-block-a028a51e\"><div class=\"wp-block-uagb-separator__inner\" style=\"--my-background-image:\"><\/div><\/div>\n\n\n\n<div class=\"wp-block-uagb-advanced-heading uagb-block-e13e9af2\"><h2 class=\"uagb-heading-text\">\u00bfC\u00f3mo definimos el tama\u00f1o de la muestra?<\/h2><\/div>\n\n\n\n<p style=\"font-size:14px\">Un aspecto fundamental de la metodolog\u00eda de investigaci\u00f3n es la estimaci\u00f3n o el c\u00e1lculo del tama\u00f1o de la muestra; es decir, el n\u00famero de participantes u observaciones necesarios para alcanzar los objetivos del estudio. La primera pregunta que suele surgir es: \u00bfcu\u00e1l es el prop\u00f3sito de calcular el tama\u00f1o de la muestra?<br>En t\u00e9rminos sencillos, ayuda a determinar cu\u00e1ntos individuos deben ser estudiados para:<\/p>\n\n\n\n<ul class=\"wp-block-list has-small-font-size\">\n<li style=\"font-size:14px\">Estimar un par\u00e1metro poblacional con un nivel de confianza deseado.<\/li>\n\n\n\n<li style=\"font-size:14px\">Detectar una diferencia entre grupos, si es que realmente existe una.<\/li>\n<\/ul>\n\n\n\n<p style=\"font-size:14px\">Esto no es un asunto menor: incluir demasiados sujetos puede aumentar el costo del estudio y desperdiciar recursos, mientras que un tama\u00f1o de muestra insuficiente puede conducir a resultados imprecisos o incluso no detectar diferencias reales, lo que potencialmente llevar\u00eda a conclusiones incorrectas.<\/p>\n\n\n\n<div class=\"wp-block-uagb-advanced-heading uagb-block-291178ab\"><h2 class=\"uagb-heading-text\">\u00bfC\u00f3mo se calcula el tama\u00f1o de la muestra?<\/h2><\/div>\n\n\n\n<p style=\"font-size:14px\">El c\u00e1lculo depende de varios factores:<\/p>\n\n\n\n<ul style=\"font-size:16px\" class=\"wp-block-list\">\n<li style=\"font-size:14px\">El tipo de estudio (descriptivo, comparativo, correlacional, etc.).<\/li>\n\n\n\n<li style=\"font-size:14px\">El objetivo principal (estimaci\u00f3n de proporciones, medias, comparaci\u00f3n entre grupos).<\/li>\n\n\n\n<li style=\"font-size:14px\">El nivel de significancia deseado (normalmente el 5%).<\/li>\n\n\n\n<li style=\"font-size:14px\">La potencia estad\u00edstica (generalmente 80% o 90%).<\/li>\n\n\n\n<li style=\"font-size:14px\">El tama\u00f1o del efecto que se espera detectar.<\/li>\n\n\n\n<li style=\"font-size:14px\">La variabilidad de la variable de inter\u00e9s.<\/li>\n<\/ul>\n\n\n\n<p style=\"font-size:14px\">Existen f\u00f3rmulas espec\u00edficas para cada tipo de estudio, y tambi\u00e9n hay software disponible para automatizar estos c\u00e1lculos, pero el juicio profesional sigue siendo esencial para interpretar y adaptar estos resultados a cada contexto particular.<\/p>\n\n\n\n<div class=\"wp-block-uagb-advanced-heading uagb-block-ec912085\"><h2 class=\"uagb-heading-text\">\u00bfC\u00f3mo asegurar una muestra representativa y adecuada?<\/h2><\/div>\n\n\n\n<p style=\"font-size:14px\">Tener el \"n\" correcto no es suficiente. Tambi\u00e9n es esencial que la muestra sea representativa de la poblaci\u00f3n objetivo. Para lograr esto, es necesario:<\/p>\n\n\n\n<ul class=\"wp-block-list\">\n<li style=\"font-size:14px\">Elegir un m\u00e9todo de muestreo apropiado (aleatorio, estratificado, por conglomerados, etc.).<\/li>\n\n\n\n<li style=\"font-size:14px\">Evitar el sesgo de selecci\u00f3n.<\/li>\n\n\n\n<li style=\"font-size:14px\">Considerar posibles p\u00e9rdidas o falta de respuestas (y ajustar el tama\u00f1o de la muestra en consecuencia).<\/li>\n<\/ul>\n\n\n\n<p style=\"font-size:14px\">A properly designed sample is the foundation for obtaining reliable and generalizable results.<\/p>\n\n\n\n<div class=\"wp-block-uagb-advanced-heading uagb-block-550d68db\"><h2 class=\"uagb-heading-text\">\u00bfQu\u00e9 papel juegan el margen de error y el intervalo de confianza?<\/h2><\/div>\n\n\n\n<p style=\"font-size:14px\">El margen de error indica cu\u00e1nto pueden variar los resultados del estudio respecto al valor real de la poblaci\u00f3n. Cuanto m\u00e1s peque\u00f1o deseemos que sea este margen, mayor deber\u00e1 ser el tama\u00f1o de la muestra.<\/p>\n\n\n\n<p style=\"font-size:14px\">El intervalo de confianza, generalmente establecido en el 95%, proporciona un rango dentro del cual es probable que se encuentre el valor real de la poblaci\u00f3n. Un nivel de confianza m\u00e1s alto tambi\u00e9n requiere un tama\u00f1o de muestra m\u00e1s grande.<\/p>\n\n\n\n<p style=\"font-size:14px\">Ambos conceptos est\u00e1n directamente relacionados con la precisi\u00f3n y la fiabilidad de los resultados del estudio.<\/p>\n\n\n\n<p style=\"font-size:14px\">Contar con un tama\u00f1o de muestra adecuado es un paso esencial en el dise\u00f1o de cualquier investigaci\u00f3n. No se trata solo de cumplir con un requisito estad\u00edstico, sino de asegurar que los resultados obtenidos sean v\u00e1lidos, precisos y aplicables a la poblaci\u00f3n objetivo.<\/p>\n\n\n\n<p style=\"font-size:14px\">Una muestra bien calculada permite un uso \u00f3ptimo de los recursos, minimiza los riesgos y aumenta la fiabilidad de los hallazgos. En este sentido, el c\u00e1lculo del tama\u00f1o de la muestra es una herramienta estrat\u00e9gica en la planificaci\u00f3n de estudios cient\u00edficos rigurosos.<\/p>\n\n\n\n<div class=\"wp-block-uagb-advanced-heading uagb-block-accaee53\"><h2 class=\"uagb-heading-text\">\u00bfD\u00f3nde encontrar servicios profesionales de c\u00e1lculo del tama\u00f1o de la muestra?<\/h2><\/div>\n\n\n\n<p style=\"font-size:14px\" class=\"translation-block\">Para quienes buscan soporte t\u00e9cnico y precisi\u00f3n metodol\u00f3gica, Biomedical-Data ofrece un servicio especializado de c\u00e1lculo del tama\u00f1o de la muestra, adaptado a diferentes tipos de estudios y necesidades de investigaci\u00f3n. La empresa destaca por su profesionalismo, atenci\u00f3n personalizada y tarifas altamente competitivas, convirti\u00e9ndose en un socio estrat\u00e9gico para investigadores, estudiantes y empresas que buscan optimizar sus recursos y garantizar la validez estad\u00edstica de sus proyectos.<\/p>\n\n\n\n<p style=\"font-size:14px\"><strong><a href=\"https:\/\/biomedical-data.com\/es\/contact\/\" title=\"Contacto\">Encuentre el mejor precio &gt;&gt;<\/a><\/strong><\/p>\n<\/div><\/div>\n\n\n\n<p><\/p>","protected":false},"excerpt":{"rendered":"<p>What is sample size and why is it important? How do we define the sample size? A&nbsp;fundamental aspect of research methodology is the estimation or calculation of the sample size\u2014that is, the number of participants or observations needed to achieve the study\u2019s objectives. The first question that usually arises is: what is the purpose of [&hellip;]<\/p>\n","protected":false},"author":1,"featured_media":0,"parent":0,"menu_order":0,"comment_status":"closed","ping_status":"closed","template":"","meta":{"_uag_custom_page_level_css":"","_monsterinsights_skip_tracking":false,"_monsterinsights_sitenote_active":false,"_monsterinsights_sitenote_note":"","_monsterinsights_sitenote_category":0,"site-sidebar-layout":"default","site-content-layout":"","ast-site-content-layout":"default","site-content-style":"default","site-sidebar-style":"default","ast-global-header-display":"","ast-banner-title-visibility":"","ast-main-header-display":"","ast-hfb-above-header-display":"","ast-hfb-below-header-display":"","ast-hfb-mobile-header-display":"","site-post-title":"disabled","ast-breadcrumbs-content":"","ast-featured-img":"","footer-sml-layout":"","ast-disable-related-posts":"","theme-transparent-header-meta":"","adv-header-id-meta":"","stick-header-meta":"","header-above-stick-meta":"","header-main-stick-meta":"","header-below-stick-meta":"","astra-migrate-meta-layouts":"set","ast-page-background-enabled":"default","ast-page-background-meta":{"desktop":{"background-color":"var(--ast-global-color-4)","background-image":"","background-repeat":"repeat","background-position":"center center","background-size":"auto","background-attachment":"scroll","background-type":"","background-media":"","overlay-type":"","overlay-color":"","overlay-opacity":"","overlay-gradient":""},"tablet":{"background-color":"","background-image":"","background-repeat":"repeat","background-position":"center center","background-size":"auto","background-attachment":"scroll","background-type":"","background-media":"","overlay-type":"","overlay-color":"","overlay-opacity":"","overlay-gradient":""},"mobile":{"background-color":"","background-image":"","background-repeat":"repeat","background-position":"center center","background-size":"auto","background-attachment":"scroll","background-type":"","background-media":"","overlay-type":"","overlay-color":"","overlay-opacity":"","overlay-gradient":""}},"ast-content-background-meta":{"desktop":{"background-color":"var(--ast-global-color-5)","background-image":"","background-repeat":"repeat","background-position":"center center","background-size":"auto","background-attachment":"scroll","background-type":"","background-media":"","overlay-type":"","overlay-color":"","overlay-opacity":"","overlay-gradient":""},"tablet":{"background-color":"var(--ast-global-color-5)","background-image":"","background-repeat":"repeat","background-position":"center center","background-size":"auto","background-attachment":"scroll","background-type":"","background-media":"","overlay-type":"","overlay-color":"","overlay-opacity":"","overlay-gradient":""},"mobile":{"background-color":"var(--ast-global-color-5)","background-image":"","background-repeat":"repeat","background-position":"center center","background-size":"auto","background-attachment":"scroll","background-type":"","background-media":"","overlay-type":"","overlay-color":"","overlay-opacity":"","overlay-gradient":""}},"footnotes":""},"class_list":["post-2878","page","type-page","status-publish","hentry"],"uagb_featured_image_src":{"full":false,"thumbnail":false,"medium":false,"medium_large":false,"large":false,"1536x1536":false,"2048x2048":false,"trp-custom-language-flag":false,"woocommerce_thumbnail":false,"woocommerce_single":false,"woocommerce_gallery_thumbnail":false},"uagb_author_info":{"display_name":"emiroffo@gmail.com","author_link":"https:\/\/biomedical-data.com\/es\/author\/emiroffogmail-com\/"},"uagb_comment_info":0,"uagb_excerpt":"What is sample size and why is it important? How do we define the sample size? A&nbsp;fundamental aspect of research methodology is the estimation or calculation of the sample size\u2014that is, the number of participants or observations needed to achieve the study\u2019s objectives. The first question that usually arises is: what is the purpose of&hellip;","_links":{"self":[{"href":"https:\/\/biomedical-data.com\/es\/wp-json\/wp\/v2\/pages\/2878","targetHints":{"allow":["GET"]}}],"collection":[{"href":"https:\/\/biomedical-data.com\/es\/wp-json\/wp\/v2\/pages"}],"about":[{"href":"https:\/\/biomedical-data.com\/es\/wp-json\/wp\/v2\/types\/page"}],"author":[{"embeddable":true,"href":"https:\/\/biomedical-data.com\/es\/wp-json\/wp\/v2\/users\/1"}],"replies":[{"embeddable":true,"href":"https:\/\/biomedical-data.com\/es\/wp-json\/wp\/v2\/comments?post=2878"}],"version-history":[{"count":0,"href":"https:\/\/biomedical-data.com\/es\/wp-json\/wp\/v2\/pages\/2878\/revisions"}],"wp:attachment":[{"href":"https:\/\/biomedical-data.com\/es\/wp-json\/wp\/v2\/media?parent=2878"}],"curies":[{"name":"wp","href":"https:\/\/api.w.org\/{rel}","templated":true}]}}